{"id":17080,"date":"2024-02-29T10:19:41","date_gmt":"2024-02-29T09:19:41","guid":{"rendered":"https:\/\/www.elevhalsan.se\/vardnadshavare2\/?page_id=17080"},"modified":"2024-04-25T10:26:18","modified_gmt":"2024-04-25T08:26:18","slug":"elevhalsans-arbete-skarmtid","status":"publish","type":"page","link":"https:\/\/www.elevhalsan.se\/vardnadshavare\/skarmtid\/elevhalsans-arbete-skarmtid\/","title":{"rendered":"Elevh\u00e4lsans arbete Sk\u00e4rmtid"},"content":{"rendered":"\t\t<div data-elementor-type=\"wp-page\" data-elementor-id=\"17080\" class=\"elementor elementor-17080\" data-elementor-post-type=\"page\">\n\t\t\t\t\t\t<section class=\"elementor-section elementor-top-section elementor-element elementor-element-574ae13 elementor-section-full_width elementor-section-height-min-height elementor-section-items-stretch elementor-section-content-middle elementor-section-height-default\" data-id=\"574ae13\" data-element_type=\"section\" data-e-type=\"section\" data-settings=\"{&quot;background_background&quot;:&quot;classic&quot;}\">\n\t\t\t\t\t\t<div class=\"elementor-container elementor-column-gap-default\">\n\t\t\t\t\t<div class=\"elementor-column elementor-col-100 elementor-top-column elementor-element elementor-element-d85318b\" data-id=\"d85318b\" data-element_type=\"column\" data-e-type=\"column\" data-settings=\"{&quot;background_background&quot;:&quot;classic&quot;,&quot;background_motion_fx_motion_fx_scrolling&quot;:&quot;yes&quot;,&quot;background_motion_fx_translateY_effect&quot;:&quot;yes&quot;,&quot;background_motion_fx_translateY_speed&quot;:{&quot;unit&quot;:&quot;px&quot;,&quot;size&quot;:2,&quot;sizes&quot;:[]},&quot;motion_fx_motion_fx_scrolling&quot;:&quot;yes&quot;,&quot;background_motion_fx_translateY_affectedRange&quot;:{&quot;unit&quot;:&quot;%&quot;,&quot;size&quot;:&quot;&quot;,&quot;sizes&quot;:{&quot;start&quot;:0,&quot;end&quot;:100}},&quot;background_motion_fx_devices&quot;:[&quot;desktop&quot;,&quot;tablet&quot;,&quot;mobile&quot;],&quot;motion_fx_devices&quot;:[&quot;desktop&quot;,&quot;tablet&quot;,&quot;mobile&quot;]}\">\n\t\t\t<div class=\"elementor-widget-wrap elementor-element-populated\">\n\t\t\t\t\t<div class=\"elementor-background-overlay\"><\/div>\n\t\t\t\t\t\t<section class=\"elementor-section elementor-inner-section elementor-element elementor-element-d1dedd9 elementor-section-height-min-height elementor-section-boxed elementor-section-height-default\" data-id=\"d1dedd9\" data-element_type=\"section\" data-e-type=\"section\">\n\t\t\t\t\t\t<div class=\"elementor-container elementor-column-gap-default\">\n\t\t\t\t\t<div class=\"elementor-column elementor-col-100 elementor-inner-column elementor-element elementor-element-b179ec7\" data-id=\"b179ec7\" data-element_type=\"column\" data-e-type=\"column\">\n\t\t\t<div class=\"elementor-widget-wrap elementor-element-populated\">\n\t\t\t\t\t\t<div class=\"elementor-element elementor-element-27016cc elementor-widget__width-auto elementor-view-default elementor-widget elementor-widget-icon\" data-id=\"27016cc\" data-element_type=\"widget\" data-e-type=\"widget\" data-widget_type=\"icon.default\">\n\t\t\t\t<div class=\"elementor-widget-container\">\n\t\t\t\t\t\t\t<div class=\"elementor-icon-wrapper\">\n\t\t\t<a class=\"elementor-icon\" href=\"https:\/\/www.elevhalsan.se\/vardnadshavare\/skarmtid\/\">\n\t\t\t<i aria-hidden=\"true\" class=\"fas fa-arrow-circle-left\"><\/i>\t\t\t<\/a>\n\t\t<\/div>\n\t\t\t\t\t\t<\/div>\n\t\t\t\t<\/div>\n\t\t\t\t<div class=\"elementor-element elementor-element-8674090 elementor-widget__width-auto elementor-widget elementor-widget-heading\" data-id=\"8674090\" data-element_type=\"widget\" data-e-type=\"widget\" data-widget_type=\"heading.default\">\n\t\t\t\t<div class=\"elementor-widget-container\">\n\t\t\t\t\t<div class=\"elementor-heading-title elementor-size-small\"><a href=\"https:\/\/www.elevhalsan.se\/vardnadshavare\/skarmtid\/\">Tillbaka till \u00e4mnen<\/a><\/div>\t\t\t\t<\/div>\n\t\t\t\t<\/div>\n\t\t\t\t\t<\/div>\n\t\t<\/div>\n\t\t\t\t\t<\/div>\n\t\t<\/section>\n\t\t\t\t\t<\/div>\n\t\t<\/div>\n\t\t\t\t\t<\/div>\n\t\t<\/section>\n\t\t\t\t<section class=\"elementor-section elementor-top-section elementor-element elementor-element-bbcf2b8 elementor-section-boxed elementor-section-height-default elementor-section-height-default\" data-id=\"bbcf2b8\" data-element_type=\"section\" data-e-type=\"section\">\n\t\t\t\t\t\t<div class=\"elementor-container elementor-column-gap-default\">\n\t\t\t\t\t<div class=\"elementor-column elementor-col-100 elementor-top-column elementor-element elementor-element-c99bf4a\" data-id=\"c99bf4a\" data-element_type=\"column\" data-e-type=\"column\">\n\t\t\t<div class=\"elementor-widget-wrap elementor-element-populated\">\n\t\t\t\t\t\t<div class=\"elementor-element elementor-element-6a05220 elementor-widget elementor-widget-heading\" data-id=\"6a05220\" data-element_type=\"widget\" data-e-type=\"widget\" data-widget_type=\"heading.default\">\n\t\t\t\t<div class=\"elementor-widget-container\">\n\t\t\t\t\t<h1 class=\"elementor-heading-title elementor-size-medium\">Elevh\u00e4lsans arbete<\/h1>\t\t\t\t<\/div>\n\t\t\t\t<\/div>\n\t\t\t\t<div class=\"elementor-element elementor-element-70b276f elementor-widget elementor-widget-heading\" data-id=\"70b276f\" data-element_type=\"widget\" data-e-type=\"widget\" data-widget_type=\"heading.default\">\n\t\t\t\t<div class=\"elementor-widget-container\">\n\t\t\t\t\t<h2 class=\"elementor-heading-title elementor-size-xxl\">Sk\u00e4rmtid<\/h2>\t\t\t\t<\/div>\n\t\t\t\t<\/div>\n\t\t\t\t<div class=\"elementor-element elementor-element-05276a5 elementor-widget elementor-widget-text-editor\" data-id=\"05276a5\" data-element_type=\"widget\" data-e-type=\"widget\" data-widget_type=\"text-editor.default\">\n\t\t\t\t<div class=\"elementor-widget-container\">\n\t\t\t\t\t\t\t\t\t<p><strong>\/det h\u00e4r k\u00e4nns inte riktigt f\u00e4rdigjobbat, det skulle beh\u00f6vas fler tips och r\u00e5d &#8211; g\u00e4rna som punktlista \u2013 f\u00f6r att ge k\u00f6tt p\u00e5 benen f\u00f6r v\u00e5rdnadshavaren\/<\/strong><br \/><br \/>Det finns inget reglerat i styrdokumenten om hur \u00e4mnet sk\u00e4rmanv\u00e4ndning kan tas upp i undervisningen. Men h\u00e4r kommer n\u00e5gra saker som \u00e4r viktiga f\u00f6r att eleverna ska f\u00f6rst\u00e5 vilken p\u00e5verkan sk\u00e4rmar kan ha p\u00e5 m\u00e5endet.<\/p><p>Sk\u00e4rmanv\u00e4ndning \u00e4r en mycket viktig fr\u00e5ga f\u00f6r elevh\u00e4lsan att arbeta med d\u00e5 man vet att m\u00e5nga unga har mycket sk\u00e4rmtid vilken g\u00e5r ut \u00f6ver de grundl\u00e4ggande behoven. Det p\u00e5verkar b\u00e5de hur de m\u00e5r och hur det g\u00e5r i skolan. Lyckade skolresultat \u00e4r en framg\u00e5ngsfaktor och lyckade skolresultat kr\u00e4ver att det finns tillr\u00e4ckligt med tid f\u00f6r att tillgodose de grundl\u00e4ggande behoven. tillgodose de grundl\u00e4ggande behoven.<\/p>\t\t\t\t\t\t\t\t<\/div>\n\t\t\t\t<\/div>\n\t\t\t\t\t<\/div>\n\t\t<\/div>\n\t\t\t\t\t<\/div>\n\t\t<\/section>\n\t\t\t\t<section class=\"elementor-section elementor-top-section elementor-element elementor-element-6bfc79ca elementor-section-boxed elementor-section-height-default elementor-section-height-default\" data-id=\"6bfc79ca\" data-element_type=\"section\" data-e-type=\"section\">\n\t\t\t\t\t\t<div class=\"elementor-container elementor-column-gap-default\">\n\t\t\t\t\t<div class=\"elementor-column elementor-col-100 elementor-top-column elementor-element elementor-element-18dfdad1\" data-id=\"18dfdad1\" data-element_type=\"column\" data-e-type=\"column\">\n\t\t\t<div class=\"elementor-widget-wrap elementor-element-populated\">\n\t\t\t\t\t\t<section class=\"elementor-section elementor-inner-section elementor-element elementor-element-710d60d elementor-section-full_width elementor-section-height-default elementor-section-height-default\" data-id=\"710d60d\" data-element_type=\"section\" data-e-type=\"section\">\n\t\t\t\t\t\t<div class=\"elementor-container elementor-column-gap-default\">\n\t\t\t\t\t<div class=\"elementor-column elementor-col-50 elementor-inner-column elementor-element elementor-element-c663641\" data-id=\"c663641\" data-element_type=\"column\" data-e-type=\"column\">\n\t\t\t<div class=\"elementor-widget-wrap elementor-element-populated\">\n\t\t\t\t\t\t<div class=\"elementor-element elementor-element-e19ad48 elementor-widget elementor-widget-heading\" data-id=\"e19ad48\" data-element_type=\"widget\" data-e-type=\"widget\" data-widget_type=\"heading.default\">\n\t\t\t\t<div class=\"elementor-widget-container\">\n\t\t\t\t\t<h2 class=\"elementor-heading-title elementor-size-large\">Senaste artiklarna inom Sk\u00e4rmtid<\/h2>\t\t\t\t<\/div>\n\t\t\t\t<\/div>\n\t\t\t\t\t<\/div>\n\t\t<\/div>\n\t\t\t\t<div class=\"elementor-column elementor-col-50 elementor-inner-column elementor-element elementor-element-5239435\" data-id=\"5239435\" data-element_type=\"column\" data-e-type=\"column\">\n\t\t\t<div class=\"elementor-widget-wrap elementor-element-populated\">\n\t\t\t\t\t\t<div class=\"elementor-element elementor-element-ad3ba8a elementor-widget elementor-widget-heading\" data-id=\"ad3ba8a\" data-element_type=\"widget\" data-e-type=\"widget\" data-widget_type=\"heading.default\">\n\t\t\t\t<div class=\"elementor-widget-container\">\n\t\t\t\t\t<h2 class=\"elementor-heading-title elementor-size-small\"><a href=\"https:\/\/www.elevhalsan.se\/vardnadshavare\/aktuellt-foraldrar\/\">Se alla \u2192<\/a><\/h2>\t\t\t\t<\/div>\n\t\t\t\t<\/div>\n\t\t\t\t\t<\/div>\n\t\t<\/div>\n\t\t\t\t\t<\/div>\n\t\t<\/section>\n\t\t\t\t<div class=\"elementor-element elementor-element-4428868d elementor-widget elementor-widget-shortcode\" data-id=\"4428868d\" data-element_type=\"widget\" data-e-type=\"widget\" data-widget_type=\"shortcode.default\">\n\t\t\t\t<div class=\"elementor-widget-container\">\n\t\t\t\t\t\t\t<div class=\"elementor-shortcode\">\n<div class=\"featured-latest-posts\">\n\t\n    \n\t\t<div class=\"featured-post\">\n\t\t\t<div class=\"featured-post-image\" style=\"background-image: url(https:\/\/www.elevhalsan.se\/vardnadshavare\/wp-content\/uploads\/2026\/03\/ChatGPT-Image-16-mars-2026-08_13_38-1024x683.png); \" onClick=\"javascript:window.location.href = 'https:\/\/www.elevhalsan.se\/vardnadshavare\/aktuellt\/hur-paverkar-tiktok-ungas-syn-pa-utseende\/';\"><\/div>\n\t\t\t\n\t\t\t<div class=\"featured-post-content\">\n\t\t\t\t<p class=\"meta\">\n\t\t\t\t\t\t\t\t\t\t\t\n\t\t\t\t\t\t<a href=\"https:\/\/www.elevhalsan.se\/vardnadshavare\/aktuellt\/\">Aktuellt<\/a>\t\t\t\t\t\n\t\t\t\t\t\t\t\t\t<\/p>\n\t\t\t\t\n\t\t\t\t<h2 onClick=\"javascript:window.location.href = 'https:\/\/www.elevhalsan.se\/vardnadshavare\/aktuellt\/hur-paverkar-tiktok-ungas-syn-pa-utseende\/';\">Hur p\u00e5verkar TikTok ungas syn p\u00e5 utseende?<\/h2>\n\t\t\t<\/div>\n\t\t<\/div>\n\n    \n\t\t<div class=\"featured-post\">\n\t\t\t<div class=\"featured-post-image\" style=\"background-image: url(https:\/\/www.elevhalsan.se\/vardnadshavare\/wp-content\/uploads\/2025\/12\/fhm-1200x630px-1024x538.jpg); \" onClick=\"javascript:window.location.href = 'https:\/\/www.elevhalsan.se\/vardnadshavare\/aktuellt\/stod-for-foraldrar-om-barns-och-ungas-skarmanvandning\/';\"><\/div>\n\t\t\t\n\t\t\t<div class=\"featured-post-content\">\n\t\t\t\t<p class=\"meta\">\n\t\t\t\t\t\t\t\t\t\t\t\n\t\t\t\t\t\t<a href=\"https:\/\/www.elevhalsan.se\/vardnadshavare\/aktuellt\/\">Aktuellt<\/a>, <a href=\"https:\/\/www.elevhalsan.se\/vardnadshavare\/i-samarbete-med-folkhalsomyndigeten\/\">I samarbete med Folkh\u00e4lsomyndigeten<\/a>\t\t\t\t\t\n\t\t\t\t\t\t\t\t\t<\/p>\n\t\t\t\t\n\t\t\t\t<h2 onClick=\"javascript:window.location.href = 'https:\/\/www.elevhalsan.se\/vardnadshavare\/aktuellt\/stod-for-foraldrar-om-barns-och-ungas-skarmanvandning\/';\">St\u00f6d f\u00f6r f\u00f6r\u00e4ldrar om barns och ungas sk\u00e4rmanv\u00e4ndning<\/h2>\n\t\t\t<\/div>\n\t\t<\/div>\n\n    \n\t\t<div class=\"featured-post\">\n\t\t\t<div class=\"featured-post-image\" style=\"background-image: url(https:\/\/www.elevhalsan.se\/vardnadshavare\/wp-content\/uploads\/2025\/11\/Skarmtidarenmoraliskbalansgangfor-foraldrar-1024x683.png); \" onClick=\"javascript:window.location.href = 'https:\/\/www.elevhalsan.se\/vardnadshavare\/aktuellt\/skarmtid-ar-en-moralisk-balansgang-for-foraldrar\/';\"><\/div>\n\t\t\t\n\t\t\t<div class=\"featured-post-content\">\n\t\t\t\t<p class=\"meta\">\n\t\t\t\t\t\t\t\t\t\t\t\n\t\t\t\t\t\t<a href=\"https:\/\/www.elevhalsan.se\/vardnadshavare\/aktuellt\/\">Aktuellt<\/a>\t\t\t\t\t\n\t\t\t\t\t\t\t\t\t<\/p>\n\t\t\t\t\n\t\t\t\t<h2 onClick=\"javascript:window.location.href = 'https:\/\/www.elevhalsan.se\/vardnadshavare\/aktuellt\/skarmtid-ar-en-moralisk-balansgang-for-foraldrar\/';\">Sk\u00e4rmtid \u00e4r en moralisk balansg\u00e5ng f\u00f6r f\u00f6r\u00e4ldrar<\/h2>\n\t\t\t<\/div>\n\t\t<\/div>\n\n    \n\t\t<div class=\"featured-post\">\n\t\t\t<div class=\"featured-post-image\" style=\"background-image: url(https:\/\/www.elevhalsan.se\/vardnadshavare\/wp-content\/uploads\/2025\/08\/Rutiner_Artikel-1024x683.png); \" onClick=\"javascript:window.location.href = 'https:\/\/www.elevhalsan.se\/vardnadshavare\/aktuellt\/att-skapa-stabilitet-varfor-rutiner-spelar-roll\/';\"><\/div>\n\t\t\t\n\t\t\t<div class=\"featured-post-content\">\n\t\t\t\t<p class=\"meta\">\n\t\t\t\t\t\t\t\t\t\t\t\n\t\t\t\t\t\t<a href=\"https:\/\/www.elevhalsan.se\/vardnadshavare\/aktuellt\/\">Aktuellt<\/a>\t\t\t\t\t\n\t\t\t\t\t\t\t\t\t<\/p>\n\t\t\t\t\n\t\t\t\t<h2 onClick=\"javascript:window.location.href = 'https:\/\/www.elevhalsan.se\/vardnadshavare\/aktuellt\/att-skapa-stabilitet-varfor-rutiner-spelar-roll\/';\">Att skapa stabilitet \u2013 varf\u00f6r rutiner spelar roll<\/h2>\n\t\t\t<\/div>\n\t\t<\/div>\n\n      \n<\/div>\n\n\n<\/div>\n\t\t\t\t\t\t<\/div>\n\t\t\t\t<\/div>\n\t\t\t\t\t<\/div>\n\t\t<\/div>\n\t\t\t\t\t<\/div>\n\t\t<\/section>\n\t\t\t\t<section class=\"elementor-section elementor-top-section elementor-element elementor-element-d7219a0 elementor-section-full_width elementor-section-height-default elementor-section-height-default\" data-id=\"d7219a0\" data-element_type=\"section\" data-e-type=\"section\">\n\t\t\t\t\t\t<div class=\"elementor-container elementor-column-gap-default\">\n\t\t\t\t\t<div class=\"elementor-column elementor-col-100 elementor-top-column elementor-element elementor-element-fee34d3\" data-id=\"fee34d3\" data-element_type=\"column\" data-e-type=\"column\">\n\t\t\t<div class=\"elementor-widget-wrap elementor-element-populated\">\n\t\t\t\t\t\t<div class=\"elementor-element elementor-element-6537765 elementor-widget elementor-widget-shortcode\" data-id=\"6537765\" data-element_type=\"widget\" data-e-type=\"widget\" data-widget_type=\"shortcode.default\">\n\t\t\t\t<div class=\"elementor-widget-container\">\n\t\t\t\t\t\t\t<div class=\"elementor-shortcode\">\t\t<div data-elementor-type=\"section\" data-elementor-id=\"19396\" class=\"elementor elementor-19396\" data-elementor-post-type=\"elementor_library\">\n\t\t\t\t\t<section class=\"elementor-section elementor-top-section elementor-element elementor-element-55dd3f5a elementor-section-boxed elementor-section-height-default elementor-section-height-default\" data-id=\"55dd3f5a\" data-element_type=\"section\" data-e-type=\"section\" data-settings=\"{&quot;background_background&quot;:&quot;classic&quot;}\">\n\t\t\t\t\t\t<div class=\"elementor-container elementor-column-gap-default\">\n\t\t\t\t\t<div class=\"elementor-column elementor-col-100 elementor-top-column elementor-element elementor-element-446a936\" data-id=\"446a936\" data-element_type=\"column\" data-e-type=\"column\">\n\t\t\t<div class=\"elementor-widget-wrap elementor-element-populated\">\n\t\t\t\t\t\t<div class=\"elementor-element elementor-element-47ab89e1 elementor-widget__width-auto elementor-widget elementor-widget-heading\" data-id=\"47ab89e1\" data-element_type=\"widget\" data-e-type=\"widget\" data-widget_type=\"heading.default\">\n\t\t\t\t<div class=\"elementor-widget-container\">\n\t\t\t\t\t<h2 class=\"elementor-heading-title elementor-size-default\">F\u00f6lj oss p\u00e5 sociala media!<\/h2>\t\t\t\t<\/div>\n\t\t\t\t<\/div>\n\t\t\t\t<div class=\"elementor-element elementor-element-4212ae41 elementor-widget__width-auto elementor-view-default elementor-widget elementor-widget-icon\" data-id=\"4212ae41\" data-element_type=\"widget\" data-e-type=\"widget\" data-widget_type=\"icon.default\">\n\t\t\t\t<div class=\"elementor-widget-container\">\n\t\t\t\t\t\t\t<div class=\"elementor-icon-wrapper\">\n\t\t\t<div class=\"elementor-icon\">\n\t\t\t<i aria-hidden=\"true\" class=\"fab fa-instagram\"><\/i>\t\t\t<\/div>\n\t\t<\/div>\n\t\t\t\t\t\t<\/div>\n\t\t\t\t<\/div>\n\t\t\t\t<div class=\"elementor-element elementor-element-49d71416 elementor-widget__width-auto elementor-view-default elementor-widget elementor-widget-icon\" data-id=\"49d71416\" data-element_type=\"widget\" data-e-type=\"widget\" data-widget_type=\"icon.default\">\n\t\t\t\t<div class=\"elementor-widget-container\">\n\t\t\t\t\t\t\t<div class=\"elementor-icon-wrapper\">\n\t\t\t<div class=\"elementor-icon\">\n\t\t\t<i aria-hidden=\"true\" class=\"fab fa-facebook\"><\/i>\t\t\t<\/div>\n\t\t<\/div>\n\t\t\t\t\t\t<\/div>\n\t\t\t\t<\/div>\n\t\t\t\t\t<\/div>\n\t\t<\/div>\n\t\t\t\t\t<\/div>\n\t\t<\/section>\n\t\t\t\t<\/div>\n\t\t<\/div>\n\t\t\t\t\t\t<\/div>\n\t\t\t\t<\/div>\n\t\t\t\t\t<\/div>\n\t\t<\/div>\n\t\t\t\t\t<\/div>\n\t\t<\/section>\n\t\t\t\t<section class=\"elementor-section elementor-top-section elementor-element elementor-element-e25a486 elementor-section-boxed elementor-section-height-default elementor-section-height-default\" data-id=\"e25a486\" data-element_type=\"section\" data-e-type=\"section\">\n\t\t\t\t\t\t<div class=\"elementor-container elementor-column-gap-default\">\n\t\t\t\t\t<div class=\"elementor-column elementor-col-100 elementor-top-column elementor-element elementor-element-f3ebea3\" data-id=\"f3ebea3\" data-element_type=\"column\" data-e-type=\"column\">\n\t\t\t<div class=\"elementor-widget-wrap elementor-element-populated\">\n\t\t\t\t\t\t<section class=\"elementor-section elementor-inner-section elementor-element elementor-element-d4a8ea7 elementor-section-boxed elementor-section-height-default elementor-section-height-default\" data-id=\"d4a8ea7\" data-element_type=\"section\" data-e-type=\"section\">\n\t\t\t\t\t\t<div class=\"elementor-container elementor-column-gap-default\">\n\t\t\t\t\t<div class=\"elementor-column elementor-col-50 elementor-inner-column elementor-element elementor-element-26dc922\" data-id=\"26dc922\" data-element_type=\"column\" data-e-type=\"column\">\n\t\t\t<div class=\"elementor-widget-wrap elementor-element-populated\">\n\t\t\t\t\t\t<div class=\"elementor-element elementor-element-5c1c18c elementor-widget elementor-widget-heading\" data-id=\"5c1c18c\" data-element_type=\"widget\" data-e-type=\"widget\" data-widget_type=\"heading.default\">\n\t\t\t\t<div class=\"elementor-widget-container\">\n\t\t\t\t\t<h2 class=\"elementor-heading-title elementor-size-large\">Experten svarar om fr\u00e5gor kring Sk\u00e4rmtid<\/h2>\t\t\t\t<\/div>\n\t\t\t\t<\/div>\n\t\t\t\t\t<\/div>\n\t\t<\/div>\n\t\t\t\t<div class=\"elementor-column elementor-col-50 elementor-inner-column elementor-element elementor-element-2761443\" data-id=\"2761443\" data-element_type=\"column\" data-e-type=\"column\">\n\t\t\t<div class=\"elementor-widget-wrap elementor-element-populated\">\n\t\t\t\t\t\t<div class=\"elementor-element elementor-element-6ed25fe elementor-widget elementor-widget-heading\" data-id=\"6ed25fe\" data-element_type=\"widget\" data-e-type=\"widget\" data-widget_type=\"heading.default\">\n\t\t\t\t<div class=\"elementor-widget-container\">\n\t\t\t\t\t<h2 class=\"elementor-heading-title elementor-size-small\"><a href=\"https:\/\/www.elevhalsan.se\/vardnadshavare\/expertsvar-foraldrar\/\">Se alla \u2192<\/a><\/h2>\t\t\t\t<\/div>\n\t\t\t\t<\/div>\n\t\t\t\t\t<\/div>\n\t\t<\/div>\n\t\t\t\t\t<\/div>\n\t\t<\/section>\n\t\t\t\t<div class=\"elementor-element elementor-element-0d0f395 elementor-widget elementor-widget-shortcode\" data-id=\"0d0f395\" data-element_type=\"widget\" data-e-type=\"widget\" data-widget_type=\"shortcode.default\">\n\t\t\t\t<div class=\"elementor-widget-container\">\n\t\t\t\t\t\t\t<div class=\"elementor-shortcode\">\n<div class=\"featured-latest-posts\">\n\t\n<\/div>\n\t\t\t\t\t\t<\/div>\n\t\t\t\t<\/div>\n\t\t\t\t\t<\/div>\n\t\t<\/div>\n\t\t\t\t\t<\/div>\n\t\t<\/section>\n\t\t\t\t<section class=\"elementor-section elementor-top-section elementor-element elementor-element-c2716f0 elementor-section-content-middle elementor-section-boxed elementor-section-height-default elementor-section-height-default\" data-id=\"c2716f0\" data-element_type=\"section\" data-e-type=\"section\">\n\t\t\t\t\t\t<div class=\"elementor-container elementor-column-gap-default\">\n\t\t\t\t\t<div class=\"elementor-column elementor-col-50 elementor-top-column elementor-element elementor-element-c342f42\" data-id=\"c342f42\" data-element_type=\"column\" data-e-type=\"column\" data-settings=\"{&quot;background_background&quot;:&quot;classic&quot;}\">\n\t\t\t<div class=\"elementor-widget-wrap elementor-element-populated\">\n\t\t\t\t\t\t<div class=\"elementor-element elementor-element-9c61a29 elementor-widget elementor-widget-image\" data-id=\"9c61a29\" data-element_type=\"widget\" data-e-type=\"widget\" data-widget_type=\"image.default\">\n\t\t\t\t<div class=\"elementor-widget-container\">\n\t\t\t\t\t\t\t\t\t\t\t\t\t\t\t<img fetchpriority=\"high\" decoding=\"async\" width=\"1024\" height=\"523\" src=\"https:\/\/www.elevhalsan.se\/vardnadshavare\/wp-content\/uploads\/2024\/01\/question-bubbles-1024x523.png\" class=\"attachment-large size-large wp-image-16377\" alt=\"\" srcset=\"https:\/\/www.elevhalsan.se\/vardnadshavare\/wp-content\/uploads\/2024\/01\/question-bubbles-1024x523.png 1024w, https:\/\/www.elevhalsan.se\/vardnadshavare\/wp-content\/uploads\/2024\/01\/question-bubbles-600x306.png 600w, https:\/\/www.elevhalsan.se\/vardnadshavare\/wp-content\/uploads\/2024\/01\/question-bubbles-768x392.png 768w, https:\/\/www.elevhalsan.se\/vardnadshavare\/wp-content\/uploads\/2024\/01\/question-bubbles.png 1481w\" sizes=\"(max-width: 1024px) 100vw, 1024px\" \/>\t\t\t\t\t\t\t\t\t\t\t\t\t\t\t<\/div>\n\t\t\t\t<\/div>\n\t\t\t\t<div class=\"elementor-element elementor-element-51cb2ba elementor-widget elementor-widget-heading\" data-id=\"51cb2ba\" data-element_type=\"widget\" data-e-type=\"widget\" data-widget_type=\"heading.default\">\n\t\t\t\t<div class=\"elementor-widget-container\">\n\t\t\t\t\t<h2 class=\"elementor-heading-title elementor-size-xl\">Vill du st\u00e4lla en fr\u00e5ga till v\u00e5ra experter?<\/h2>\t\t\t\t<\/div>\n\t\t\t\t<\/div>\n\t\t\t\t<div class=\"elementor-element elementor-element-8b216dc elementor-align-center elementor-widget elementor-widget-button\" data-id=\"8b216dc\" data-element_type=\"widget\" data-e-type=\"widget\" data-widget_type=\"button.default\">\n\t\t\t\t<div class=\"elementor-widget-container\">\n\t\t\t\t\t\t\t\t\t<div class=\"elementor-button-wrapper\">\n\t\t\t\t\t<a class=\"elementor-button elementor-button-link elementor-size-sm\" href=\"#\">\n\t\t\t\t\t\t<span class=\"elementor-button-content-wrapper\">\n\t\t\t\t\t\t\t\t\t<span class=\"elementor-button-text\">L\u00e4s mer<\/span>\n\t\t\t\t\t<\/span>\n\t\t\t\t\t<\/a>\n\t\t\t\t<\/div>\n\t\t\t\t\t\t\t\t<\/div>\n\t\t\t\t<\/div>\n\t\t\t\t\t<\/div>\n\t\t<\/div>\n\t\t\t\t<div class=\"elementor-column elementor-col-50 elementor-top-column elementor-element elementor-element-904757a\" data-id=\"904757a\" data-element_type=\"column\" data-e-type=\"column\" data-settings=\"{&quot;background_background&quot;:&quot;classic&quot;}\">\n\t\t\t<div class=\"elementor-widget-wrap elementor-element-populated\">\n\t\t\t\t\t\t<div class=\"elementor-element elementor-element-20c2478 elementor-widget elementor-widget-heading\" data-id=\"20c2478\" data-element_type=\"widget\" data-e-type=\"widget\" data-widget_type=\"heading.default\">\n\t\t\t\t<div class=\"elementor-widget-container\">\n\t\t\t\t\t<span class=\"elementor-heading-title elementor-size-default\">NYHETSBREV<\/span>\t\t\t\t<\/div>\n\t\t\t\t<\/div>\n\t\t\t\t<div class=\"elementor-element elementor-element-7f80781 elementor-widget elementor-widget-heading\" data-id=\"7f80781\" data-element_type=\"widget\" data-e-type=\"widget\" data-widget_type=\"heading.default\">\n\t\t\t\t<div class=\"elementor-widget-container\">\n\t\t\t\t\t<h2 class=\"elementor-heading-title elementor-size-xl\">H\u00e5ll dig uppdaterad med relevant information f\u00f6r dig som har barn i skolan.<\/h2>\t\t\t\t<\/div>\n\t\t\t\t<\/div>\n\t\t\t\t<div class=\"elementor-element elementor-element-a0cc9ca elementor-widget elementor-widget-heading\" data-id=\"a0cc9ca\" data-element_type=\"widget\" data-e-type=\"widget\" data-widget_type=\"heading.default\">\n\t\t\t\t<div class=\"elementor-widget-container\">\n\t\t\t\t\t<p class=\"elementor-heading-title elementor-size-default\">Anm\u00e4l dig till v\u00e5rt nyhetsbrev.<\/p>\t\t\t\t<\/div>\n\t\t\t\t<\/div>\n\t\t\t\t\t<\/div>\n\t\t<\/div>\n\t\t\t\t\t<\/div>\n\t\t<\/section>\n\t\t\t\t<\/div>\n\t\t","protected":false},"excerpt":{"rendered":"<p>Tillbaka till \u00e4mnen Elevh\u00e4lsans arbete Sk\u00e4rmtid \/det h\u00e4r k\u00e4nns inte riktigt f\u00e4rdigjobbat, det skulle beh\u00f6vas fler tips och r\u00e5d &#8211; g\u00e4rna som punktlista \u2013 f\u00f6r att ge k\u00f6tt p\u00e5 benen f\u00f6r v\u00e5rdnadshavaren\/ Det finns inget reglerat i styrdokumenten om hur \u00e4mnet sk\u00e4rmanv\u00e4ndning kan tas upp i undervisningen. Men h\u00e4r kommer n\u00e5gra saker som \u00e4r viktiga [&hellip;]<\/p>\n","protected":false},"author":2,"featured_media":0,"parent":16716,"menu_order":0,"comment_status":"closed","ping_status":"closed","template":"page-sub-vardnadshavare.php","meta":{"_acf_changed":false,"footnotes":""},"class_list":["post-17080","page","type-page","status-publish","hentry"],"acf":[],"_links":{"self":[{"href":"https:\/\/www.elevhalsan.se\/vardnadshavare\/wp-json\/wp\/v2\/pages\/17080","targetHints":{"allow":["GET"]}}],"collection":[{"href":"https:\/\/www.elevhalsan.se\/vardnadshavare\/wp-json\/wp\/v2\/pages"}],"about":[{"href":"https:\/\/www.elevhalsan.se\/vardnadshavare\/wp-json\/wp\/v2\/types\/page"}],"author":[{"embeddable":true,"href":"https:\/\/www.elevhalsan.se\/vardnadshavare\/wp-json\/wp\/v2\/users\/2"}],"replies":[{"embeddable":true,"href":"https:\/\/www.elevhalsan.se\/vardnadshavare\/wp-json\/wp\/v2\/comments?post=17080"}],"version-history":[{"count":37,"href":"https:\/\/www.elevhalsan.se\/vardnadshavare\/wp-json\/wp\/v2\/pages\/17080\/revisions"}],"predecessor-version":[{"id":19419,"href":"https:\/\/www.elevhalsan.se\/vardnadshavare\/wp-json\/wp\/v2\/pages\/17080\/revisions\/19419"}],"up":[{"embeddable":true,"href":"https:\/\/www.elevhalsan.se\/vardnadshavare\/wp-json\/wp\/v2\/pages\/16716"}],"wp:attachment":[{"href":"https:\/\/www.elevhalsan.se\/vardnadshavare\/wp-json\/wp\/v2\/media?parent=17080"}],"curies":[{"name":"wp","href":"https:\/\/api.w.org\/{rel}","templated":true}]}}